{"id":36,"date":"2014-10-24T14:35:26","date_gmt":"2014-10-24T12:35:26","guid":{"rendered":"http:\/\/sophiejacobsen.de\/?page_id=36"},"modified":"2024-12-21T10:47:39","modified_gmt":"2024-12-21T08:47:39","slug":"hans-peter-hansen-cup","status":"publish","type":"page","link":"https:\/\/sophiejacobsen.de\/?page_id=36","title":{"rendered":"Hans-Peter-Hansen-Cup"},"content":{"rendered":"<p>Da wurde die TSS 125 und eine neue Halle war gebaut und zur Einweihung sollten ein paar Ehemalige gegen ein paar Quintaner spielen. Ob dieser Nachricht wollten nat\u00fcrlich ganz viele Ehemalige mitkicken, aber daf\u00fcr mangelte es an Zeit. Aber Hans-Peter Hansen meinte, wir k\u00f6nnen gerne mal so ein Turnier spielen. Das lie\u00dfen wir uns nicht zweimal sagen, plakatierten halb Husum zu, kauften einem dubiosen Pokalh\u00e4ndler den Gral ab, luden ein wer noch gerade gehen konnte und trafen uns gem\u00fctlich an einem Samstagnachmittag mit 9 Mannschaften zu einem wilden Turnier. Am 27.2.1993 um genau zu sein. Den Tag fanden alle sch\u00f6n, eine Wiederholung wurde gew\u00fcnscht und fand dann gleich am n\u00e4chsten zweiten Weihnachtstag statt. Und dabei blieb es. Wir mauserten uns zum zweitgr\u00f6\u00dften Ehemaligenoberstufenfu\u00dfballturnier Deutschlands. Und wer als Mannschaft, Zuschauer, Cheerleader dabei sein m\u00f6chte ist herzlich willkommen. N\u00e4chster Termin: 26.12.2020. 12 Uhr. Vermutlich. Ihr wisst schon.<\/p>\n<p>Mehr Infos unter <a title=\"Cup\" href=\"http:\/\/www.hph-cup.de\" target=\"_blank\" rel=\"noopener noreferrer\">www.hph-cup.de<\/a><\/p>\n","protected":false},"excerpt":{"rendered":"<p>Da wurde die TSS 125 und eine neue Halle war gebaut und zur Einweihung sollten ein paar Ehemalige gegen ein paar Quintaner spielen. Ob dieser Nachricht wollten nat\u00fcrlich ganz viele Ehemalige mitkicken, aber daf\u00fcr mangelte es an Zeit. Aber Hans-Peter Hansen meinte, wir k\u00f6nnen gerne mal so ein Turnier spielen. Das lie\u00dfen wir uns nicht&#8230;<\/p>\n","protected":false},"author":1,"featured_media":0,"parent":0,"menu_order":0,"comment_status":"closed","ping_status":"open","template":"","meta":{"jetpack_post_was_ever_published":false,"footnotes":""},"class_list":["post-36","page","type-page","status-publish","hentry"],"jetpack_sharing_enabled":true,"jetpack_shortlink":"https:\/\/wp.me\/P8RYTk-A","_links":{"self":[{"href":"https:\/\/sophiejacobsen.de\/index.php?rest_route=\/wp\/v2\/pages\/36","targetHints":{"allow":["GET"]}}],"collection":[{"href":"https:\/\/sophiejacobsen.de\/index.php?rest_route=\/wp\/v2\/pages"}],"about":[{"href":"https:\/\/sophiejacobsen.de\/index.php?rest_route=\/wp\/v2\/types\/page"}],"author":[{"embeddable":true,"href":"https:\/\/sophiejacobsen.de\/index.php?rest_route=\/wp\/v2\/users\/1"}],"replies":[{"embeddable":true,"href":"https:\/\/sophiejacobsen.de\/index.php?rest_route=%2Fwp%2Fv2%2Fcomments&post=36"}],"version-history":[{"count":4,"href":"https:\/\/sophiejacobsen.de\/index.php?rest_route=\/wp\/v2\/pages\/36\/revisions"}],"predecessor-version":[{"id":579,"href":"https:\/\/sophiejacobsen.de\/index.php?rest_route=\/wp\/v2\/pages\/36\/revisions\/579"}],"wp:attachment":[{"href":"https:\/\/sophiejacobsen.de\/index.php?rest_route=%2Fwp%2Fv2%2Fmedia&parent=36"}],"curies":[{"name":"wp","href":"https:\/\/api.w.org\/{rel}","templated":true}]}}