{"id":368,"date":"2020-09-24T16:32:32","date_gmt":"2020-09-24T14:32:32","guid":{"rendered":"https:\/\/sophiejacobsen.de\/?page_id=368"},"modified":"2020-10-05T16:13:56","modified_gmt":"2020-10-05T14:13:56","slug":"geschichte-in-steinen","status":"publish","type":"page","link":"https:\/\/sophiejacobsen.de\/?page_id=368","title":{"rendered":"Geschichte in Steinen"},"content":{"rendered":"\n<figure class=\"wp-block-image size-large\"><img loading=\"lazy\" decoding=\"async\" width=\"700\" height=\"467\" src=\"https:\/\/sophiejacobsen.de\/wp-content\/uploads\/2020\/09\/TSS147-4-700x467.jpg\" alt=\"\" class=\"wp-image-370\" srcset=\"https:\/\/sophiejacobsen.de\/wp-content\/uploads\/2020\/09\/TSS147-4-700x467.jpg 700w, https:\/\/sophiejacobsen.de\/wp-content\/uploads\/2020\/09\/TSS147-4-300x200.jpg 300w, https:\/\/sophiejacobsen.de\/wp-content\/uploads\/2020\/09\/TSS147-4-768x512.jpg 768w, https:\/\/sophiejacobsen.de\/wp-content\/uploads\/2020\/09\/TSS147-4-1536x1024.jpg 1536w, https:\/\/sophiejacobsen.de\/wp-content\/uploads\/2020\/09\/TSS147-4-800x533.jpg 800w, https:\/\/sophiejacobsen.de\/wp-content\/uploads\/2020\/09\/TSS147-4.jpg 2004w\" sizes=\"auto, (max-width: 700px) 100vw, 700px\" \/><\/figure>\n\n\n\n<p>Wo alles begann. Die 37j\u00e4hrige Sophie Jacobsen &#8211; Tochter eines Kapit\u00e4ns und einer Griechin und ausgebildete Lehrerin inklusive eines mehrj\u00e4hrigen Aufenthalts in England &#8211; wollte ein \u201el\u00e4ngst gef\u00fchltes Bed\u00fcrfnis\u201c stillen und gr\u00fcndete am 2. November 1866 eine \u201ePrivate T\u00f6chterschule\u201c in Husum. Bis dahin gab es nur die Volksschule f\u00fcr die M\u00e4dchen und rein gar nichts f\u00fcr eine weiterf\u00fchrende Bildung, die Stadt und ihre B\u00fcrger sahen in der Hinsicht auch keine Notwendigkeit. Das Schulgeld war zwar hoch, reichte aber meist nur knapp, manchmal gar nicht um die Kosten zu decken. Vom Senator Homfeldt mietete sie mehrere kleine \u201egut beheizbare\u201c R\u00e4ume. Ihre Sch\u00fclerinnen nannten sie \u201eTante Fieken\u201c. Bis 1879 residierte der Zweilehrerinnenbetrieb hier am Markt.<\/p>\n\n\n\n<p><\/p>\n\n\n\n<figure class=\"wp-block-image size-large\"><img loading=\"lazy\" decoding=\"async\" width=\"700\" height=\"467\" src=\"https:\/\/sophiejacobsen.de\/wp-content\/uploads\/2020\/09\/tss147_klein-4-700x467.jpg\" alt=\"\" class=\"wp-image-369\" srcset=\"https:\/\/sophiejacobsen.de\/wp-content\/uploads\/2020\/09\/tss147_klein-4-700x467.jpg 700w, https:\/\/sophiejacobsen.de\/wp-content\/uploads\/2020\/09\/tss147_klein-4-300x200.jpg 300w, https:\/\/sophiejacobsen.de\/wp-content\/uploads\/2020\/09\/tss147_klein-4-768x512.jpg 768w, https:\/\/sophiejacobsen.de\/wp-content\/uploads\/2020\/09\/tss147_klein-4-1536x1024.jpg 1536w, https:\/\/sophiejacobsen.de\/wp-content\/uploads\/2020\/09\/tss147_klein-4-2048x1365.jpg 2048w, https:\/\/sophiejacobsen.de\/wp-content\/uploads\/2020\/09\/tss147_klein-4-800x533.jpg 800w\" sizes=\"auto, (max-width: 700px) 100vw, 700px\" \/><\/figure>\n\n\n\n<p>Vom Mai 1877 bis zum Januar 1900 war die \u201eJacobsensche Privatm\u00e4dchenschule mit fremdsprachlichen Unterricht&#8220; auf der Neustadt untergebracht. Das Geb\u00e4ude existiert nicht mehr, an seiner Stelle befindet sich jetzt das Gesch\u00e4ft eines Fernsehreparaturdienstes. Mittlerweile hatten etliche flehentliche Briefe Frl. Jacobsens dazu gef\u00fchrt, da\u00df die Stadt Husum die Notwendigkeit einer solchen Schule einsah und nach und nach sich um immer mehr Kosten k\u00fcmmerte. Im Gegenzug bekam sie auch mehr Kontrolle \u00fcbertragen. Ob die Stadt irgendwann Sophie Jacobsen leid war oder ob sie nur clever ihren Abgang verteuerte ist unbekannt. Aber 1894 wurde sie durch Elise Steinorth ersetzt, gleichzeitig aber ihr monatliches Einkommen verdoppelt. Formell blieb Sophie Jacobsen noch einige Zeit die Leiterin. Sie starb 1917 mit 88 Jahren. Das rechts zu sehende Tor war bei K\u00fchen \u00fcbrigens ein beliebter Fluchtort, so da\u00df bei den Husumer Viehm\u00e4rkten eben gerne mal der Unterricht gest\u00f6rt und unterbrochen wurde. Was Sch\u00fcler ja immer schrecklich finden.<\/p>\n\n\n\n<p><\/p>\n\n\n\n<figure class=\"wp-block-image size-large\"><img loading=\"lazy\" decoding=\"async\" width=\"700\" height=\"467\" src=\"https:\/\/sophiejacobsen.de\/wp-content\/uploads\/2020\/09\/tss147_klein-5-700x467.jpg\" alt=\"\" class=\"wp-image-371\" srcset=\"https:\/\/sophiejacobsen.de\/wp-content\/uploads\/2020\/09\/tss147_klein-5-700x467.jpg 700w, https:\/\/sophiejacobsen.de\/wp-content\/uploads\/2020\/09\/tss147_klein-5-300x200.jpg 300w, https:\/\/sophiejacobsen.de\/wp-content\/uploads\/2020\/09\/tss147_klein-5-768x512.jpg 768w, https:\/\/sophiejacobsen.de\/wp-content\/uploads\/2020\/09\/tss147_klein-5-1536x1024.jpg 1536w, https:\/\/sophiejacobsen.de\/wp-content\/uploads\/2020\/09\/tss147_klein-5-2048x1365.jpg 2048w, https:\/\/sophiejacobsen.de\/wp-content\/uploads\/2020\/09\/tss147_klein-5-800x533.jpg 800w\" sizes=\"auto, (max-width: 700px) 100vw, 700px\" \/><\/figure>\n\n\n\n<p>Das erste eigene Geb\u00e4ude. 1898 wird tats\u00e4chlich ein eigenes Geb\u00e4ude f\u00fcr unsere Schule errichtet und 1900 bezogen. Zwar hatte danach die Volkshochschule dort ihr Heim, aber wie in Husum nicht un\u00fcblich wurde die Schule nach mehreren Jahren Nichtnutzung abgerissen und gegen ein paar Investorenbauten getauscht.<br>Die Stadt Husum \u00fcbernimmt erst die Ruhegeh\u00e4lter der Lehrerinnen sp\u00e4ter garantiert sie auch deren feste Anstellung. 1914 wird aus der \u201evormals Jacobsen\u00b4sche Privatm\u00e4dchenschule mit fremdsprachlichen Unterricht\u201c<br>das \u201eSt\u00e4dtische Lyzeum\u201c. Die Sch\u00fclerinnen erhalten hier nun Unterricht bis zur 10. Klasse. 1929 wird es das \u201eOberlyzeum der Realschulrichtung\u201c, eine Obersekunda wird ebenso wie ein Aufbauzug f\u00fcr Jungen und M\u00e4dchen eingerichtet. Am 12.2.1932 erhalten neun Sch\u00fclerinnen das Abitur. Den Namen Theodor-Storm-Schule bekam die Schule am 20.7.1932. Begr\u00fcndung: &#8222;Wir wollen durch diesen Namen unsern Sch\u00fclerinnen und Sch\u00fclern vor Augen f\u00fchren, wie ernstes Schaffen und redliches M\u00fchen sich die Achtung und Dankbarkeit der Nachwelt erwirbt. Der Name soll ein Weckruf sein, es Storm gleichzutun in der Liebe f\u00fcr Heimat und Vaterland.&#8220; Immerhin sollte es uns nicht anregen unsere Cousinen zu heiraten.<\/p>\n\n\n\n<p><\/p>\n\n\n\n<figure class=\"wp-block-image size-large\"><img loading=\"lazy\" decoding=\"async\" width=\"700\" height=\"467\" src=\"https:\/\/sophiejacobsen.de\/wp-content\/uploads\/2020\/09\/tss147_klein-6-700x467.jpg\" alt=\"\" class=\"wp-image-372\" srcset=\"https:\/\/sophiejacobsen.de\/wp-content\/uploads\/2020\/09\/tss147_klein-6-700x467.jpg 700w, https:\/\/sophiejacobsen.de\/wp-content\/uploads\/2020\/09\/tss147_klein-6-300x200.jpg 300w, https:\/\/sophiejacobsen.de\/wp-content\/uploads\/2020\/09\/tss147_klein-6-768x512.jpg 768w, https:\/\/sophiejacobsen.de\/wp-content\/uploads\/2020\/09\/tss147_klein-6-1536x1024.jpg 1536w, https:\/\/sophiejacobsen.de\/wp-content\/uploads\/2020\/09\/tss147_klein-6-2048x1365.jpg 2048w, https:\/\/sophiejacobsen.de\/wp-content\/uploads\/2020\/09\/tss147_klein-6-800x533.jpg 800w\" sizes=\"auto, (max-width: 700px) 100vw, 700px\" \/><\/figure>\n\n\n\n<p>Die Moderne. Das alte TSS-Geb\u00e4ude platzte aus allen N\u00e4hten und so beschlie\u00dft die Stadt 1961 ein neues Geb\u00e4ude an der L\u00e4mmerfenne zu bauen. Es geh\u00f6rte damals zum architektonisch modernsten und h\u00e4tte sich auch heute noch sehen lassen k\u00f6nnen. Allein die lichtdurchluteten G\u00e4nge und R\u00e4ume suchen ihresgleichen. Aber in Zeiten vor der \u00d6lkrise entstanden, verfeuerte sie im Winter 1000 Liter Heiz\u00f6l am Tag und das Flachdach leckte permanent. Jahr um Jahr versuchten Arbeiter das Dach zu reparieren. Die mit Eimern vollgestellten G\u00e4nge um das Wasser aufzufangen, waren Legende.<\/p>\n\n\n\n<p><\/p>\n\n\n\n<figure class=\"wp-block-image size-large\"><img loading=\"lazy\" decoding=\"async\" width=\"700\" height=\"467\" src=\"https:\/\/sophiejacobsen.de\/wp-content\/uploads\/2020\/09\/ohs-700x467.jpg\" alt=\"\" class=\"wp-image-388\" srcset=\"https:\/\/sophiejacobsen.de\/wp-content\/uploads\/2020\/09\/ohs-700x467.jpg 700w, https:\/\/sophiejacobsen.de\/wp-content\/uploads\/2020\/09\/ohs-300x200.jpg 300w, https:\/\/sophiejacobsen.de\/wp-content\/uploads\/2020\/09\/ohs-768x512.jpg 768w, https:\/\/sophiejacobsen.de\/wp-content\/uploads\/2020\/09\/ohs-1536x1024.jpg 1536w, https:\/\/sophiejacobsen.de\/wp-content\/uploads\/2020\/09\/ohs-2048x1365.jpg 2048w, https:\/\/sophiejacobsen.de\/wp-content\/uploads\/2020\/09\/ohs-800x533.jpg 800w\" sizes=\"auto, (max-width: 700px) 100vw, 700px\" \/><\/figure>\n\n\n\n<p>Aufgrund der Raumnot an der TSS entschlo\u00df sich die Stadt Husum 1976, die Osterhusumer Schule als Nebengeb\u00e4ude der TSS zu deklarieren. Mit Gesang zogen die Sch\u00fcler gemeinsam mit allerlei&nbsp;Ger\u00e4tschaften zu ihrem neuen Domizil. Die damalige Vizedirektorin Frau Klostermann wurde Chefin der OHS. Einen Stundenplan zu erstellen, der zwei relativ weit voneinander entfernten Geb\u00e4uden gerecht wird, war ein Ding der Unm\u00f6glichkeit. Immer wieder kamen Lehrer zu sp\u00e4t, ab und an mu\u00dften Stunden gar ausfallen. Wer von den Lehrern clever war, w\u00e4hlte am Anfang des Schuljahres einfach eine a-Klasse, die blieben auf jeden Fall im Hauptgeb\u00e4ude. b und c-Klassen von Sexta bis UIII hatten nun ein Geb\u00e4ude f\u00fcr sich und waren recht gl\u00fccklich darin. Was ein bi\u00dfchen auch an zusp\u00e4tkommenden Lehrern und ausfallenden Stunden liegen k\u00f6nnte. Aber alle OHS-Sch\u00fcler beteuern auch so noch heute ihre Verbundenheit mit diesem Geb\u00e4ude. 1987 bekam die TSS einen Anbau (A1-A3) und dank sinkender Sch\u00fclerzahlen wurde die Dependance aufgegeben. Danach ist die Pestalozzischule dort eingezogen. Mittlerweile ist sie Teil eines Wohnprojekts geworden.<\/p>\n\n\n\n<p><\/p>\n\n\n\n<figure class=\"wp-block-image size-large\"><img loading=\"lazy\" decoding=\"async\" width=\"700\" height=\"467\" src=\"https:\/\/sophiejacobsen.de\/wp-content\/uploads\/2020\/09\/pavillion-700x467.jpg\" alt=\"\" class=\"wp-image-373\" srcset=\"https:\/\/sophiejacobsen.de\/wp-content\/uploads\/2020\/09\/pavillion-700x467.jpg 700w, https:\/\/sophiejacobsen.de\/wp-content\/uploads\/2020\/09\/pavillion-300x200.jpg 300w, https:\/\/sophiejacobsen.de\/wp-content\/uploads\/2020\/09\/pavillion-768x512.jpg 768w, https:\/\/sophiejacobsen.de\/wp-content\/uploads\/2020\/09\/pavillion-1536x1024.jpg 1536w, https:\/\/sophiejacobsen.de\/wp-content\/uploads\/2020\/09\/pavillion-2048x1365.jpg 2048w, https:\/\/sophiejacobsen.de\/wp-content\/uploads\/2020\/09\/pavillion-800x533.jpg 800w\" sizes=\"auto, (max-width: 700px) 100vw, 700px\" \/><\/figure>\n\n\n\n<p>Pavillon. Eigentlich gab es nie genug R\u00e4ume an der TSS. Und irgendwann in den 70ern stellte die Stadt genervt der Schule eine schon in der ersten Sekunde der Fertigstellung r\u00e4udige Holzbude hin, die als \u00dcbergangsfrist nur f\u00fcr ein paar Jahre gedacht war. Und immer wenn ein Anbau, ein richtiger cooler steiniger Anbau, folgte, dachte jemand: \u201cJetzt kann es weg\u201d. Aber ein anderer z\u00e4hlte die Sch\u00fcler nochmal genau durch und sagte dann \u201cLa\u00df mich kurz \u00fcberlegen. Nein!\u201d. Und so \u00fcberlebte das Ding Jahrzehnt um Jahrzehnt. Man kann es nicht heizen, man sollte sich nicht allzu stark an die W\u00e4nde lehnen und man sollte auch nicht darauf hoffen. dass seine Fenster einem vor Wind sch\u00fctzen oder Licht reinlassen. Eines muss man dem Ding aber lassen: Es ist z\u00e4h. Nicht mal der armselige kriminelle Versuch von 2002 es mit einer brennenden M\u00fclltonne davor loszuwerden funktionierte. Wie man deutlich sehen kann.<\/p>\n\n\n\n<p><\/p>\n\n\n\n<figure class=\"wp-block-image size-large\"><img loading=\"lazy\" decoding=\"async\" width=\"700\" height=\"257\" src=\"https:\/\/sophiejacobsen.de\/wp-content\/uploads\/2020\/09\/aula_alt-700x257.jpg\" alt=\"\" class=\"wp-image-375\" srcset=\"https:\/\/sophiejacobsen.de\/wp-content\/uploads\/2020\/09\/aula_alt-700x257.jpg 700w, https:\/\/sophiejacobsen.de\/wp-content\/uploads\/2020\/09\/aula_alt-300x110.jpg 300w, https:\/\/sophiejacobsen.de\/wp-content\/uploads\/2020\/09\/aula_alt-768x281.jpg 768w, https:\/\/sophiejacobsen.de\/wp-content\/uploads\/2020\/09\/aula_alt-1536x563.jpg 1536w, https:\/\/sophiejacobsen.de\/wp-content\/uploads\/2020\/09\/aula_alt-2048x751.jpg 2048w, https:\/\/sophiejacobsen.de\/wp-content\/uploads\/2020\/09\/aula_alt-800x293.jpg 800w\" sizes=\"auto, (max-width: 700px) 100vw, 700px\" \/><\/figure>\n\n\n\n<figure class=\"wp-block-image size-large\"><img loading=\"lazy\" decoding=\"async\" width=\"700\" height=\"248\" src=\"https:\/\/sophiejacobsen.de\/wp-content\/uploads\/2020\/09\/aula_neu-700x248.jpg\" alt=\"\" class=\"wp-image-376\" srcset=\"https:\/\/sophiejacobsen.de\/wp-content\/uploads\/2020\/09\/aula_neu-700x248.jpg 700w, https:\/\/sophiejacobsen.de\/wp-content\/uploads\/2020\/09\/aula_neu-300x106.jpg 300w, https:\/\/sophiejacobsen.de\/wp-content\/uploads\/2020\/09\/aula_neu-768x272.jpg 768w, https:\/\/sophiejacobsen.de\/wp-content\/uploads\/2020\/09\/aula_neu-1536x544.jpg 1536w, https:\/\/sophiejacobsen.de\/wp-content\/uploads\/2020\/09\/aula_neu-2048x726.jpg 2048w, https:\/\/sophiejacobsen.de\/wp-content\/uploads\/2020\/09\/aula_neu-800x283.jpg 800w\" sizes=\"auto, (max-width: 700px) 100vw, 700px\" \/><\/figure>\n\n\n\n<p>Umbauphasen. 1987 wurde ja der erste Anbau mit drei neuen Klassenzimmern und einer B\u00fccherei fertiggestellt (und damit die OHS geschlossen). Es folgten ein neuer Musiktrakt, ein weiterer Anbau mit 7 neuen Klassen, die Aufstockung des Naturwissenschaftstraktes und 2005 die Totalrenovierung der Schule. Die Flachd\u00e4cher wurden gegen Pultd\u00e4cher getauscht, die Au\u00dfenw\u00e4nde mit Platten in zwei Farben bedeckt, alle Fenster wurden ausgetauscht.  Alles wurde anders. Und jahrelang mu\u00dfte die Schule improvisieren. Dreck, L\u00e4rm, \u00dcberraschungen. Doch letztendlich ist ja alles fertig geworden.<\/p>\n","protected":false},"excerpt":{"rendered":"<p>Wo alles begann. Die 37j\u00e4hrige Sophie Jacobsen &#8211; Tochter eines Kapit\u00e4ns und einer Griechin und ausgebildete Lehrerin inklusive eines mehrj\u00e4hrigen Aufenthalts in England &#8211; wollte ein \u201el\u00e4ngst gef\u00fchltes Bed\u00fcrfnis\u201c stillen und gr\u00fcndete am 2. November 1866 eine \u201ePrivate T\u00f6chterschule\u201c in Husum. Bis dahin gab es nur die Volksschule f\u00fcr die M\u00e4dchen und rein gar nichts&#8230;<\/p>\n","protected":false},"author":1,"featured_media":0,"parent":0,"menu_order":0,"comment_status":"closed","ping_status":"closed","template":"","meta":{"jetpack_post_was_ever_published":false,"footnotes":""},"class_list":["post-368","page","type-page","status-publish","hentry"],"jetpack_sharing_enabled":true,"jetpack_shortlink":"https:\/\/wp.me\/P8RYTk-5W","_links":{"self":[{"href":"https:\/\/sophiejacobsen.de\/index.php?rest_route=\/wp\/v2\/pages\/368","targetHints":{"allow":["GET"]}}],"collection":[{"href":"https:\/\/sophiejacobsen.de\/index.php?rest_route=\/wp\/v2\/pages"}],"about":[{"href":"https:\/\/sophiejacobsen.de\/index.php?rest_route=\/wp\/v2\/types\/page"}],"author":[{"embeddable":true,"href":"https:\/\/sophiejacobsen.de\/index.php?rest_route=\/wp\/v2\/users\/1"}],"replies":[{"embeddable":true,"href":"https:\/\/sophiejacobsen.de\/index.php?rest_route=%2Fwp%2Fv2%2Fcomments&post=368"}],"version-history":[{"count":6,"href":"https:\/\/sophiejacobsen.de\/index.php?rest_route=\/wp\/v2\/pages\/368\/revisions"}],"predecessor-version":[{"id":423,"href":"https:\/\/sophiejacobsen.de\/index.php?rest_route=\/wp\/v2\/pages\/368\/revisions\/423"}],"wp:attachment":[{"href":"https:\/\/sophiejacobsen.de\/index.php?rest_route=%2Fwp%2Fv2%2Fmedia&parent=368"}],"curies":[{"name":"wp","href":"https:\/\/api.w.org\/{rel}","templated":true}]}}