{"id":395,"date":"2020-09-24T17:09:02","date_gmt":"2020-09-24T15:09:02","guid":{"rendered":"https:\/\/sophiejacobsen.de\/?page_id=395"},"modified":"2020-09-24T18:17:19","modified_gmt":"2020-09-24T16:17:19","slug":"veranstaltungen","status":"publish","type":"page","link":"https:\/\/sophiejacobsen.de\/?page_id=395","title":{"rendered":"Veranstaltungen"},"content":{"rendered":"\n<p><strong>Hans-Peter-Hansen-Cup.<\/strong>\u00a0Seit 1993 gibt es den Hans-Peter-Hansen-Cup an der TSS. Organisiert von der Sophie-Jacobsen-Gesellschaft. Am zweiten Weihnachtstag spielen die Oberstufe und die Ehemaligen ein wildes Fu\u00dfballturnier aus, das ebenfalls ein gro\u00dfes Wiedersehenstreffen mit Caf\u00e9 ist. Mehr dazu gibt es <a href=\"http:\/\/cup.hantolo.de\" data-type=\"URL\" data-id=\"http:\/\/cup.hantolo.de\" target=\"_blank\" rel=\"noreferrer noopener\">hier<\/a>.<\/p>\n\n\n\n<p><strong>Projektwoche<\/strong>.&nbsp;Von 1980 bis 2002 gab es an der TSS insgesamt 9 Projektwochen. F\u00fcnf Tage lang arbeiteten Sch\u00fcler und Lehrer zusammen an vorher gew\u00e4hlten Projekten. Diese waren vielf\u00e4ltig zwischen Kultur, Sport und Wissenschaften zu finden. Die Gr\u00fcndungsidee beinhaltete mehrere Schwerpunkte. Es ging um das Vermeiden von Trott, das bislang vernachl\u00e4ssigte Probieren, Lernen durch eigene Versuche, das Selbstgestalten, die Kreativit\u00e4t im Probleml\u00f6sen und Gestalten zu f\u00f6rdern, das Kennenlernen von Sch\u00fclern und Lehrern &#8222;von Mensch zu Mensch&#8220; zu verbessern, bzw. \u00fcberhaupt erm\u00f6glichen.<\/p>\n\n\n\n<p><strong>Schulfest.<\/strong>&nbsp;Noch in den 50ern eine ungeheuer spie\u00dfige Angelegenheit, bei der zwischen dem Jungen- und M\u00e4dchengymnasium Listen ausgetauscht wurden, wer mit wem zum Schulfestball gehen durfte. Wer bereit war Geld den daf\u00fcr zust\u00e4ndigen Klassensprechern zu geben oder gute Beziehungen hatte, konnte so im Vorfeld seinen Partner oder Partnerin aussuchen. Mu\u00dfte sich dann mit einem Blumenstrau\u00df einige Tage vorher bei den Eltern vorstellen. Auch hier fegten die 68er wohl den Muff mitsamt diverser Traditionen hinweg. Die Schulfeste Ende der 70er bis in die Mitte der 90er achteten \u00f6kologische Schwerpunkte, zeigten Filme, riefen zum Lehrer-Sch\u00fcler-Tauziehen \u00fcber die Au und veranstalteten Diskos f\u00fcr die unterschiedlichen Jahrgangsstufen. Gemeinsam von TSS und HTS veranstaltet fanden im zweit\u00e4gigen Schulfest diverse Sportturniere statt. Am Abend des ersten Tages gab es in der Aula der TSS Livekonzerte von Sch\u00fclerbands, die stark frequentiert wurden. Am zweiten Tag wurde das Schulfest mit einer Disko im PZ der HTS f\u00fcr die Oberstufe beendet.<br>Organisiert wird alles von der Schulfest-AG. Ein Haufen Freiwilliger, die sich daf\u00fcr Jahr um Jahr sehr ins Zeug legen. Zu K\u00e4mpfen haben sie vor allem mit dem r\u00fcckg\u00e4ngigen Interesse der Sch\u00fcler, die sich mit ihrer individuellen Freizeitgestaltung wohler f\u00fchlen. Ein weiterer Tiefschlag kam 2006, als die HTS das gemeinsame Schulfest nach gut 70 Jahren Gemeinsamkeit beendete, um lieber ein Sportfest zu veranstalten. Das Engagement der TSS-Schulfest-AG konnte das aber ein wenig ausgleichen. Nach einem zaghaften Comeback der HTS wird seit 2010 das Schulfest komplett in Eigenregie organisiert.<\/p>\n\n\n\n<p><strong>Solistenabend.<\/strong>&nbsp;Auf Initiative von Harald Breuer entstand 2004 der Solistenabend, bei dem Sch\u00fcler jeder Jahrgangstufe allein oder in einer Kleingruppe auftreten k\u00f6nnen. Der Charme liegt vor allem in dem beherzten Auftreten der Solisten, zum anderen in der lockeren freundlichen Atmosph\u00e4re des Ganzen. Der Solistenabend findet immer im Fr\u00fchjahr statt<\/p>\n\n\n\n<p><strong>Sophie-Jacobsen-Tag.<\/strong>&nbsp;In den 80ern wurde regelm\u00e4\u00dfig am Gr\u00fcndungstag der Schule &#8211; 2.11. &#8211; ein f\u00e4cher\u00fcbergreifender Austellungs- und Auff\u00fchrungstag veranstaltet.<\/p>\n\n\n\n<p><strong>The Girls and Boys are back in town.<\/strong>&nbsp;Seit 1998 organisiert die Sophie-Jacobsen-Gesellschaft alle zwei Jahre ein kleines Festival, bei dem ehemalige, aktuelle und spontan zusammengefundene Sch\u00fclerbands auftreten. Termin ist immer zwischen Weihnachten und Sylvester, Ort bislang immer der Husumer Speicher. Einige Bands finden nur noch aus diesem Grund zusammen und bieten mit all den anderen K\u00fcnstlern einem Publikum von ca. 150 &#8211; 300 Leuten einen grandiosen Abend. W\u00e4hrend im Erdgescho\u00df Musik zwischen Rock, Soul, Folk und HipHop geboten wird, findet im ersten Stock immer eine Kunstausstellung statt. Hier kann man sich w\u00e4hrend des Abends ausruhen und mit seinen Freunden ungest\u00f6rt plaudern.<\/p>\n\n\n\n<p><strong>TSS in Concert.<\/strong>&nbsp;Schon immer waren Konzerte Teil des Schullebens der TSS. Meist allerdings \u00fcber das Jahr verteilt oder in Zusammenhang mit Sch\u00fcleraustauschprogrammen. Seit Mitte der 90er sind die Auftritte am Schuljahresende konzentriert. Erst an drei, mittlerweile an vier Abenden pr\u00e4sentieren sich die Ch\u00f6re und Instrumentalgruppen der Schule in der Aula.<\/p>\n\n\n\n<p><strong>Weihnachtskonzert.&nbsp;<\/strong>Seit \u00c4onen gibt es am Ende des Jahres ein Konzert mit weihnachtlichen Kl\u00e4ngen. Erst in der Aula und dann aus Platzgr\u00fcnden vor vielen Jahren in der Marienkirche. Hier treten Oberstufen- und Jazzchor und kleinere Instrumentalgruppen auf. Die Beliebtheit ist so gro\u00df, da\u00df schon eine Stunde vor Beginn die Pl\u00e4tze unten im Kirche knapp werden. Und nicht selten ist selbst oben kein Platz mehr frei.<\/p>\n\n\n\n<p><strong>Weihnachtsball.<\/strong>&nbsp;2006 fand zum ersten Mal ein Ball der Husumer Schulen statt. Erfunden und organisiert von der SV der TSS, war es ein sch\u00f6ner stilvoller Abend mit Auftritten von Tanz- und Musikgruppen. Erst in der Irene-Thordsen-Kongre\u00dfhalle, dann in einem Tanzstudio und seit Jahren nun in der Rantrumer Eventhalle.<\/p>\n\n\n\n<p><strong>Weihnachtsbasar.<\/strong>&nbsp;Anfangs der 80er ins Leben gerufen, um Geld f\u00fcr diverse soziale Einrichtungen in der Welt zu sammeln, basteln Sch\u00fcler mehr oder weniger Verkaufswertes, singen, bieten ein Caf\u00e9 oder Modeauff\u00fchrungen an. Die beiden letzten Weihnachtsbasare fanden 2004 und 2009 statt. Ein sehr sch\u00f6nes angenehmes Treiben.<\/p>\n","protected":false},"excerpt":{"rendered":"<p>Hans-Peter-Hansen-Cup.\u00a0Seit 1993 gibt es den Hans-Peter-Hansen-Cup an der TSS. Organisiert von der Sophie-Jacobsen-Gesellschaft. Am zweiten Weihnachtstag spielen die Oberstufe und die Ehemaligen ein wildes Fu\u00dfballturnier aus, das ebenfalls ein gro\u00dfes Wiedersehenstreffen mit Caf\u00e9 ist. Mehr dazu gibt es hier. Projektwoche.&nbsp;Von 1980 bis 2002 gab es an der TSS insgesamt 9 Projektwochen. F\u00fcnf Tage lang arbeiteten&#8230;<\/p>\n","protected":false},"author":1,"featured_media":0,"parent":0,"menu_order":0,"comment_status":"closed","ping_status":"closed","template":"","meta":{"jetpack_post_was_ever_published":false,"footnotes":""},"class_list":["post-395","page","type-page","status-publish","hentry"],"jetpack_sharing_enabled":true,"jetpack_shortlink":"https:\/\/wp.me\/P8RYTk-6n","_links":{"self":[{"href":"https:\/\/sophiejacobsen.de\/index.php?rest_route=\/wp\/v2\/pages\/395","targetHints":{"allow":["GET"]}}],"collection":[{"href":"https:\/\/sophiejacobsen.de\/index.php?rest_route=\/wp\/v2\/pages"}],"about":[{"href":"https:\/\/sophiejacobsen.de\/index.php?rest_route=\/wp\/v2\/types\/page"}],"author":[{"embeddable":true,"href":"https:\/\/sophiejacobsen.de\/index.php?rest_route=\/wp\/v2\/users\/1"}],"replies":[{"embeddable":true,"href":"https:\/\/sophiejacobsen.de\/index.php?rest_route=%2Fwp%2Fv2%2Fcomments&post=395"}],"version-history":[{"count":2,"href":"https:\/\/sophiejacobsen.de\/index.php?rest_route=\/wp\/v2\/pages\/395\/revisions"}],"predecessor-version":[{"id":417,"href":"https:\/\/sophiejacobsen.de\/index.php?rest_route=\/wp\/v2\/pages\/395\/revisions\/417"}],"wp:attachment":[{"href":"https:\/\/sophiejacobsen.de\/index.php?rest_route=%2Fwp%2Fv2%2Fmedia&parent=395"}],"curies":[{"name":"wp","href":"https:\/\/api.w.org\/{rel}","templated":true}]}}