{"id":40,"date":"2014-10-24T14:35:50","date_gmt":"2014-10-24T12:35:50","guid":{"rendered":"http:\/\/sophiejacobsen.de\/?page_id=40"},"modified":"2021-12-06T00:55:13","modified_gmt":"2021-12-05T22:55:13","slug":"girls-and-boys-are-back-in-town","status":"publish","type":"page","link":"https:\/\/sophiejacobsen.de\/?page_id=40","title":{"rendered":"Girls and Boys are back in town"},"content":{"rendered":"<p>Irgendwann fanden es Roland Krieger und Thomas Lorenzen recht schade, da\u00df man keine, wenige oder nur schlechte Aufnahmen alter Sch\u00fclerbands hatte. Doch irgendwie ging die geplante gezielte Sammelleidenschaft in die Planung eines Ehemaligenbandfestivals \u00fcber. Roland mochte den Song &#8222;Boys are back in town&#8220; eigentlich nicht, aber irgendwie blieb es trotzdem beim Arbeitstitel. Erg\u00e4nzt um ein weiteres Geschlecht. Seit 1998 findet daher alle zwei Jahre im Speicher ein kleines Festival mit ehemaligen aber auch aktuellen Sch\u00fclerbands statt. Manchmal in alter Formation. Manchmal ganz neu und extra daf\u00fcr zusammengestellt. Und w\u00e4hrend unten die Musik regiert, kann man sich im ersten Stock eine Fotoausstellung ansehen oder einfach eine kleine Pause einlegen.<\/p>\n<p>Ist da nicht ein Gababit ausgefallen? Seltsame Zeiten, aber man kann sich ja mal folgendes merken 28.12.2022, 19.30h, Speicher Husum. Und die Band wieder zusammenholen.<\/p>\n","protected":false},"excerpt":{"rendered":"<p>Irgendwann fanden es Roland Krieger und Thomas Lorenzen recht schade, da\u00df man keine, wenige oder nur schlechte Aufnahmen alter Sch\u00fclerbands hatte. Doch irgendwie ging die geplante gezielte Sammelleidenschaft in die Planung eines Ehemaligenbandfestivals \u00fcber. Roland mochte den Song &#8222;Boys are back in town&#8220; eigentlich nicht, aber irgendwie blieb es trotzdem beim Arbeitstitel. Erg\u00e4nzt um ein&#8230;<\/p>\n","protected":false},"author":1,"featured_media":0,"parent":0,"menu_order":0,"comment_status":"closed","ping_status":"open","template":"","meta":{"jetpack_post_was_ever_published":false,"footnotes":""},"class_list":["post-40","page","type-page","status-publish","hentry"],"jetpack_sharing_enabled":true,"jetpack_shortlink":"https:\/\/wp.me\/P8RYTk-E","_links":{"self":[{"href":"https:\/\/sophiejacobsen.de\/index.php?rest_route=\/wp\/v2\/pages\/40","targetHints":{"allow":["GET"]}}],"collection":[{"href":"https:\/\/sophiejacobsen.de\/index.php?rest_route=\/wp\/v2\/pages"}],"about":[{"href":"https:\/\/sophiejacobsen.de\/index.php?rest_route=\/wp\/v2\/types\/page"}],"author":[{"embeddable":true,"href":"https:\/\/sophiejacobsen.de\/index.php?rest_route=\/wp\/v2\/users\/1"}],"replies":[{"embeddable":true,"href":"https:\/\/sophiejacobsen.de\/index.php?rest_route=%2Fwp%2Fv2%2Fcomments&post=40"}],"version-history":[{"count":5,"href":"https:\/\/sophiejacobsen.de\/index.php?rest_route=\/wp\/v2\/pages\/40\/revisions"}],"predecessor-version":[{"id":524,"href":"https:\/\/sophiejacobsen.de\/index.php?rest_route=\/wp\/v2\/pages\/40\/revisions\/524"}],"wp:attachment":[{"href":"https:\/\/sophiejacobsen.de\/index.php?rest_route=%2Fwp%2Fv2%2Fmedia&parent=40"}],"curies":[{"name":"wp","href":"https:\/\/api.w.org\/{rel}","templated":true}]}}