{"id":403,"date":"2020-09-24T17:25:27","date_gmt":"2020-09-24T15:25:27","guid":{"rendered":"https:\/\/sophiejacobsen.de\/?page_id=403"},"modified":"2020-09-24T17:55:02","modified_gmt":"2020-09-24T15:55:02","slug":"die-musikzweigleiter","status":"publish","type":"page","link":"https:\/\/sophiejacobsen.de\/?page_id=403","title":{"rendered":"Musikzweig"},"content":{"rendered":"\n<figure class=\"wp-block-image size-large\"><img loading=\"lazy\" decoding=\"async\" width=\"700\" height=\"467\" src=\"https:\/\/sophiejacobsen.de\/wp-content\/uploads\/2020\/09\/erich_hansen-700x467.jpg\" alt=\"\" class=\"wp-image-408\" srcset=\"https:\/\/sophiejacobsen.de\/wp-content\/uploads\/2020\/09\/erich_hansen-700x467.jpg 700w, https:\/\/sophiejacobsen.de\/wp-content\/uploads\/2020\/09\/erich_hansen-300x200.jpg 300w, https:\/\/sophiejacobsen.de\/wp-content\/uploads\/2020\/09\/erich_hansen-768x512.jpg 768w, https:\/\/sophiejacobsen.de\/wp-content\/uploads\/2020\/09\/erich_hansen-1536x1024.jpg 1536w, https:\/\/sophiejacobsen.de\/wp-content\/uploads\/2020\/09\/erich_hansen-2048x1365.jpg 2048w, https:\/\/sophiejacobsen.de\/wp-content\/uploads\/2020\/09\/erich_hansen-800x533.jpg 800w\" sizes=\"auto, (max-width: 700px) 100vw, 700px\" \/><\/figure>\n\n\n\n<p>Auf Initiative von Erich Hansen (einigen noch als Hansen V bekannt) wurde mit Genehmigung des Kultusministeriums 1985 der Musikzweig an der TSS begr\u00fcndet. Er war erst der dritte in ganz Schleswig-Holstein. Und setzte zu den sehr ambitionierten Vorgehen des Johanneums zu L\u00fcbeck und des Ernst-Barlach-Gymnasium in Kiel auf umfassendere Ausbildung und die M\u00f6glichkeit f\u00fcr jeden Sch\u00fcler auch ohne musikalische Vorbildung aufgenommen zu werden. Auch beginnt diese schon in der Sexta, w\u00e4hrend die meisten anderen Musikzweiganbieter &#8211; mittlerweile 13 &#8211; damit erst in der Quarta anfangen. Die Vorz\u00fcge des Musikzweiges erstrecken sich aber nicht nur im angeh\u00e4uften K\u00f6nnen der Sch\u00fcler, auch ihre soziale Kompetenz, ihre Kritikf\u00e4higkeit und ihr bewundernswertes Miteinander sind wertvoll.<br><\/p>\n\n\n\n<h2 class=\"wp-block-heading\">Die Musikzweigleiter<\/h2>\n\n\n\n<table id=\"tablepress-3\" class=\"tablepress tablepress-id-3\">\n<tbody>\n<tr class=\"row-1\">\n\t<td class=\"column-1\">#1<\/td><td class=\"column-2\">1985-1991<\/td><td class=\"column-3\">Erich Hansen<\/td>\n<\/tr>\n<tr class=\"row-2\">\n\t<td class=\"column-1\">#2<\/td><td class=\"column-2\">1991-1993<\/td><td class=\"column-3\">Katja Kursawe<\/td>\n<\/tr>\n<tr class=\"row-3\">\n\t<td class=\"column-1\">#3<\/td><td class=\"column-2\">1993 - 2018<\/td><td class=\"column-3\">Jens Wielert<\/td>\n<\/tr>\n<tr class=\"row-4\">\n\t<td class=\"column-1\">#4<\/td><td class=\"column-2\">2018 - <\/td><td class=\"column-3\">Jan Kanehl<\/td>\n<\/tr>\n<\/tbody>\n<\/table>\n<!-- #tablepress-3 from cache -->\n","protected":false},"excerpt":{"rendered":"<p>Auf Initiative von Erich Hansen (einigen noch als Hansen V bekannt) wurde mit Genehmigung des Kultusministeriums 1985 der Musikzweig an der TSS begr\u00fcndet. Er war erst der dritte in ganz Schleswig-Holstein. Und setzte zu den sehr ambitionierten Vorgehen des Johanneums zu L\u00fcbeck und des Ernst-Barlach-Gymnasium in Kiel auf umfassendere Ausbildung und die M\u00f6glichkeit f\u00fcr jeden&#8230;<\/p>\n","protected":false},"author":1,"featured_media":0,"parent":0,"menu_order":0,"comment_status":"closed","ping_status":"closed","template":"","meta":{"jetpack_post_was_ever_published":false,"footnotes":""},"class_list":["post-403","page","type-page","status-publish","hentry"],"jetpack_sharing_enabled":true,"jetpack_shortlink":"https:\/\/wp.me\/P8RYTk-6v","_links":{"self":[{"href":"https:\/\/sophiejacobsen.de\/index.php?rest_route=\/wp\/v2\/pages\/403","targetHints":{"allow":["GET"]}}],"collection":[{"href":"https:\/\/sophiejacobsen.de\/index.php?rest_route=\/wp\/v2\/pages"}],"about":[{"href":"https:\/\/sophiejacobsen.de\/index.php?rest_route=\/wp\/v2\/types\/page"}],"author":[{"embeddable":true,"href":"https:\/\/sophiejacobsen.de\/index.php?rest_route=\/wp\/v2\/users\/1"}],"replies":[{"embeddable":true,"href":"https:\/\/sophiejacobsen.de\/index.php?rest_route=%2Fwp%2Fv2%2Fcomments&post=403"}],"version-history":[{"count":4,"href":"https:\/\/sophiejacobsen.de\/index.php?rest_route=\/wp\/v2\/pages\/403\/revisions"}],"predecessor-version":[{"id":412,"href":"https:\/\/sophiejacobsen.de\/index.php?rest_route=\/wp\/v2\/pages\/403\/revisions\/412"}],"wp:attachment":[{"href":"https:\/\/sophiejacobsen.de\/index.php?rest_route=%2Fwp%2Fv2%2Fmedia&parent=403"}],"curies":[{"name":"wp","href":"https:\/\/api.w.org\/{rel}","templated":true}]}}